{"id":848,"date":"2023-06-24T04:29:45","date_gmt":"2023-06-24T04:29:45","guid":{"rendered":"http:\/\/ksj.localhost\/?page_id=765"},"modified":"2024-01-31T19:11:57","modified_gmt":"2024-01-31T19:11:57","slug":"oddeleni","status":"publish","type":"page","link":"https:\/\/ujc.microshop.cz\/en\/oddeleni\/","title":{"rendered":"Odd\u011blen\u00ed"},"content":{"rendered":"\n<p><strong>Odborn\u00e1 odd\u011blen\u00ed<\/strong><\/p>\n\n\n\n<ul class=\"wp-block-list\">\n<li><a href=\"\/oddeleni\/dialektologicke-oddeleni\/\">Dialektologick\u00e9 odd\u011blen\u00ed<\/a>\u00a0zkoum\u00e1 n\u00e1\u0159e\u010d\u00ed a b\u011b\u017enou mluvu v \u010cech\u00e1ch, na Morav\u011b a ve Slezsku.<\/li>\n\n\n\n<li><a href=\"\/oddeleni\/etymologicke-oddeleni\/\">Etymologick\u00e9 odd\u011blen\u00ed<\/a>\u00a0rozkr\u00fdv\u00e1 p\u016fvod slov a\u00a0pracuje na Etymologick\u00e9m slovn\u00edku jazyka staroslov\u011bnsk\u00e9ho.<\/li>\n\n\n\n<li><a href=\"\/oddeleni\/oddeleni-gramatiky\/\">Odd\u011blen\u00ed gramatiky<\/a>\u00a0se zab\u00fdv\u00e1 v\u00fdzkumem a\u00a0popisem gramatick\u00e9 stavby \u010de\u0161tiny, metodologi\u00ed jej\u00edho popisu a\u00a0teori\u00ed a\u00a0prax\u00ed korpusov\u00e9 lingvistiky.<\/li>\n\n\n\n<li><a href=\"\/oddeleni\/oddeleni-jazykove-kultury\/\">Odd\u011blen\u00ed jazykov\u00e9 kultury<\/a>\u00a0se zab\u00fdv\u00e1 teori\u00ed a\u00a0prax\u00ed jazykov\u00e9 kultury a\u00a0zaji\u0161\u0165uje provoz jazykov\u00e9 poradny.<\/li>\n\n\n\n<li><a href=\"\/oddeleni\/oddeleni-onomastiky\/\">Odd\u011blen\u00ed onomastiky<\/a>\u00a0prov\u00e1d\u00ed v\u00fdzkum vlastn\u00edch jmen.<\/li>\n\n\n\n<li><a href=\"\/oddeleni\/oddeleni-soucasne-lexikologie-a-lexikografie\/\">Odd\u011blen\u00ed sou\u010dasn\u00e9 lexikologie a lexikografie<\/a>\u00a0pracuje na nov\u00e9m v\u00fdkladov\u00e9m slovn\u00edku sou\u010dasn\u00e9 \u010de\u0161tiny a\u00a0soustavn\u011b sleduje a\u00a0zaznamen\u00e1v\u00e1 nov\u00e9 jevy ve slovn\u00ed z\u00e1sob\u011b.<\/li>\n\n\n\n<li><a href=\"\/oddeleni\/oddeleni-stylistiky-a-sociolingvistiky\/\">Odd\u011blen\u00ed stylistiky a sociolingvistiky<\/a>\u00a0zkoum\u00e1 u\u017e\u00edv\u00e1n\u00ed jazyka ve spole\u010dnosti a\u00a0rozv\u00edj\u00ed teorii textu, stylu, \u017e\u00e1nru a\u00a0diskurzu.<\/li>\n\n\n\n<li><a href=\"\/oddeleni\/oddeleni-vyvoje-jazyka\/\">Odd\u011blen\u00ed v\u00fdvoje jazyka<\/a>\u00a0se v\u011bnuje v\u00fdzkumu historie \u010de\u0161tiny od jej\u00edch po\u010d\u00e1tk\u016f a\u017e po dobu n\u00e1rodn\u00edho obrozen\u00ed.<\/li>\n<\/ul>\n\n\n\n<p><strong>Ostatn\u00ed odd\u011blen\u00ed<\/strong><\/p>\n\n\n\n<ul class=\"wp-block-list\">\n<li><a href=\"\/oddeleni\/ekonomicko-technicke-oddeleni\/\">Ekonomicko-technick\u00e9 odd\u011blen\u00ed<\/a>\u00a0zaji\u0161\u0165uje hospod\u00e1\u0159skou a\u00a0technickou \u010dinnost \u00fastavu.<\/li>\n\n\n\n<li><a href=\"\/oddeleni\/kabinet-studia-jazyku\/\">Kabinet studia jazyk\u016f<\/a>\u00a0se zab\u00fdv\u00e1 didaktikou i\u00a0praktickou v\u00fdukou ciz\u00edch jazyk\u016f.<\/li>\n\n\n\n<li><a href=\"\/oddeleni\/oddeleni-vedeckych-informaci\/\">Odd\u011blen\u00ed v\u011bdeck\u00fdch informac\u00ed<\/a>\u00a0spravuje \u00fastavn\u00ed knihovnu a v bibliografii zpracov\u00e1v\u00e1 \u010deskou lingvistickou a\u00a0zahrani\u010dn\u00ed bohemistickou produkci.<\/li>\n\n\n\n<li><a href=\"\/oddeleni\/reditelstvi\/\">\u0158editelstv\u00ed<\/a>\u00a0zabezpe\u010duje organiza\u010dn\u00ed a\u00a0administrativn\u00ed podm\u00ednky pro veden\u00ed \u00daJ\u010c, Radu \u00daJ\u010c a\u00a0dozor\u010d\u00ed radu.<\/li>\n<\/ul>\n","protected":false},"excerpt":{"rendered":"<p>Odborn\u00e1 odd\u011blen\u00ed Ostatn\u00ed odd\u011blen\u00ed<\/p>\n","protected":false},"author":1,"featured_media":0,"parent":0,"menu_order":0,"comment_status":"closed","ping_status":"closed","template":"","meta":{"footnotes":""},"categories":[12],"tags":[],"class_list":["post-848","page","type-page","status-publish","hentry","category-o-ustavu"],"acf":[],"yoast_head":"<!-- This site is optimized with the Yoast SEO plugin v27.3 - https:\/\/yoast.com\/product\/yoast-seo-wordpress\/ -->\n<title>Odd\u011blen\u00ed - \u00dastav pro jazyk \u010desk\u00fd<\/title>\n<meta name=\"robots\" content=\"noindex, follow, max-snippet:-1, max-image-preview:large, max-video-preview:-1\" \/>\n<meta property=\"og:locale\" content=\"en_US\" \/>\n<meta property=\"og:type\" content=\"article\" \/>\n<meta property=\"og:title\" content=\"Odd\u011blen\u00ed - \u00dastav pro jazyk \u010desk\u00fd\" \/>\n<meta property=\"og:description\" content=\"Odborn\u00e1 odd\u011blen\u00ed Ostatn\u00ed odd\u011blen\u00ed\" \/>\n<meta property=\"og:url\" content=\"https:\/\/ujc.microshop.czoddeleni\/\" \/>\n<meta property=\"og:site_name\" content=\"\u00dastav pro jazyk \u010desk\u00fd\" \/>\n<meta property=\"article:modified_time\" content=\"2024-01-31T19:11:57+00:00\" \/>\n<meta name=\"twitter:card\" content=\"summary_large_image\" \/>\n<meta name=\"twitter:label1\" content=\"Est. reading time\" \/>\n\t<meta name=\"twitter:data1\" content=\"1 minute\" \/>\n<script type=\"application\/ld+json\" class=\"yoast-schema-graph\">{\"@context\":\"https:\\\/\\\/schema.org\",\"@graph\":[{\"@type\":\"WebPage\",\"@id\":\"https:\\\/\\\/ujc.microshop.czoddeleni\\\/\",\"url\":\"https:\\\/\\\/ujc.microshop.czoddeleni\\\/\",\"name\":\"Odd\u011blen\u00ed - \u00dastav pro jazyk \u010desk\u00fd\",\"isPartOf\":{\"@id\":\"https:\\\/\\\/ujc.microshop.cz\\\/#website\"},\"datePublished\":\"2023-06-24T04:29:45+00:00\",\"dateModified\":\"2024-01-31T19:11:57+00:00\",\"breadcrumb\":{\"@id\":\"https:\\\/\\\/ujc.microshop.czoddeleni\\\/#breadcrumb\"},\"inLanguage\":\"en-US\",\"potentialAction\":[{\"@type\":\"ReadAction\",\"target\":[\"https:\\\/\\\/ujc.microshop.czoddeleni\\\/\"]}]},{\"@type\":\"BreadcrumbList\",\"@id\":\"https:\\\/\\\/ujc.microshop.czoddeleni\\\/#breadcrumb\",\"itemListElement\":[{\"@type\":\"ListItem\",\"position\":1,\"name\":\"Home\",\"item\":\"https:\\\/\\\/ujc.microshop.cz\\\/\"},{\"@type\":\"ListItem\",\"position\":2,\"name\":\"Odd\u011blen\u00ed\"}]},{\"@type\":\"WebSite\",\"@id\":\"https:\\\/\\\/ujc.microshop.cz\\\/#website\",\"url\":\"https:\\\/\\\/ujc.microshop.cz\\\/\",\"name\":\"\u00dastav pro jazyk \u010desk\u00fd\",\"description\":\"Akademie v\u011bd \u010cesk\u00e9 republiky\",\"publisher\":{\"@id\":\"https:\\\/\\\/ujc.microshop.cz\\\/#organization\"},\"potentialAction\":[{\"@type\":\"SearchAction\",\"target\":{\"@type\":\"EntryPoint\",\"urlTemplate\":\"https:\\\/\\\/ujc.microshop.cz\\\/?s={search_term_string}\"},\"query-input\":{\"@type\":\"PropertyValueSpecification\",\"valueRequired\":true,\"valueName\":\"search_term_string\"}}],\"inLanguage\":\"en-US\"},{\"@type\":\"Organization\",\"@id\":\"https:\\\/\\\/ujc.microshop.cz\\\/#organization\",\"name\":\"\u00dastav pro jazyk \u010desk\u00fd\",\"url\":\"https:\\\/\\\/ujc.microshop.cz\\\/\",\"logo\":{\"@type\":\"ImageObject\",\"inLanguage\":\"en-US\",\"@id\":\"https:\\\/\\\/ujc.microshop.cz\\\/#\\\/schema\\\/logo\\\/image\\\/\",\"url\":\"https:\\\/\\\/ujc.microshop.cz\\\/wp-content\\\/uploads\\\/2023\\\/07\\\/ksj-logo.svg\",\"contentUrl\":\"https:\\\/\\\/ujc.microshop.cz\\\/wp-content\\\/uploads\\\/2023\\\/07\\\/ksj-logo.svg\",\"width\":55,\"height\":63,\"caption\":\"\u00dastav pro jazyk \u010desk\u00fd\"},\"image\":{\"@id\":\"https:\\\/\\\/ujc.microshop.cz\\\/#\\\/schema\\\/logo\\\/image\\\/\"}}]}<\/script>\n<!-- \/ Yoast SEO plugin. -->","yoast_head_json":{"title":"Odd\u011blen\u00ed - \u00dastav pro jazyk \u010desk\u00fd","robots":{"index":"noindex","follow":"follow","max-snippet":"max-snippet:-1","max-image-preview":"max-image-preview:large","max-video-preview":"max-video-preview:-1"},"og_locale":"en_US","og_type":"article","og_title":"Odd\u011blen\u00ed - \u00dastav pro jazyk \u010desk\u00fd","og_description":"Odborn\u00e1 odd\u011blen\u00ed Ostatn\u00ed odd\u011blen\u00ed","og_url":"https:\/\/ujc.microshop.czoddeleni\/","og_site_name":"\u00dastav pro jazyk \u010desk\u00fd","article_modified_time":"2024-01-31T19:11:57+00:00","twitter_card":"summary_large_image","twitter_misc":{"Est. reading time":"1 minute"},"schema":{"@context":"https:\/\/schema.org","@graph":[{"@type":"WebPage","@id":"https:\/\/ujc.microshop.czoddeleni\/","url":"https:\/\/ujc.microshop.czoddeleni\/","name":"Odd\u011blen\u00ed - \u00dastav pro jazyk \u010desk\u00fd","isPartOf":{"@id":"https:\/\/ujc.microshop.cz\/#website"},"datePublished":"2023-06-24T04:29:45+00:00","dateModified":"2024-01-31T19:11:57+00:00","breadcrumb":{"@id":"https:\/\/ujc.microshop.czoddeleni\/#breadcrumb"},"inLanguage":"en-US","potentialAction":[{"@type":"ReadAction","target":["https:\/\/ujc.microshop.czoddeleni\/"]}]},{"@type":"BreadcrumbList","@id":"https:\/\/ujc.microshop.czoddeleni\/#breadcrumb","itemListElement":[{"@type":"ListItem","position":1,"name":"Home","item":"https:\/\/ujc.microshop.cz\/"},{"@type":"ListItem","position":2,"name":"Odd\u011blen\u00ed"}]},{"@type":"WebSite","@id":"https:\/\/ujc.microshop.cz\/#website","url":"https:\/\/ujc.microshop.cz\/","name":"\u00dastav pro jazyk \u010desk\u00fd","description":"Akademie v\u011bd \u010cesk\u00e9 republiky","publisher":{"@id":"https:\/\/ujc.microshop.cz\/#organization"},"potentialAction":[{"@type":"SearchAction","target":{"@type":"EntryPoint","urlTemplate":"https:\/\/ujc.microshop.cz\/?s={search_term_string}"},"query-input":{"@type":"PropertyValueSpecification","valueRequired":true,"valueName":"search_term_string"}}],"inLanguage":"en-US"},{"@type":"Organization","@id":"https:\/\/ujc.microshop.cz\/#organization","name":"\u00dastav pro jazyk \u010desk\u00fd","url":"https:\/\/ujc.microshop.cz\/","logo":{"@type":"ImageObject","inLanguage":"en-US","@id":"https:\/\/ujc.microshop.cz\/#\/schema\/logo\/image\/","url":"https:\/\/ujc.microshop.cz\/wp-content\/uploads\/2023\/07\/ksj-logo.svg","contentUrl":"https:\/\/ujc.microshop.cz\/wp-content\/uploads\/2023\/07\/ksj-logo.svg","width":55,"height":63,"caption":"\u00dastav pro jazyk \u010desk\u00fd"},"image":{"@id":"https:\/\/ujc.microshop.cz\/#\/schema\/logo\/image\/"}}]}},"_links":{"self":[{"href":"https:\/\/ujc.microshop.cz\/en\/wp-json\/wp\/v2\/pages\/848","targetHints":{"allow":["GET"]}}],"collection":[{"href":"https:\/\/ujc.microshop.cz\/en\/wp-json\/wp\/v2\/pages"}],"about":[{"href":"https:\/\/ujc.microshop.cz\/en\/wp-json\/wp\/v2\/types\/page"}],"author":[{"embeddable":true,"href":"https:\/\/ujc.microshop.cz\/en\/wp-json\/wp\/v2\/users\/1"}],"replies":[{"embeddable":true,"href":"https:\/\/ujc.microshop.cz\/en\/wp-json\/wp\/v2\/comments?post=848"}],"version-history":[{"count":3,"href":"https:\/\/ujc.microshop.cz\/en\/wp-json\/wp\/v2\/pages\/848\/revisions"}],"predecessor-version":[{"id":7714,"href":"https:\/\/ujc.microshop.cz\/en\/wp-json\/wp\/v2\/pages\/848\/revisions\/7714"}],"wp:attachment":[{"href":"https:\/\/ujc.microshop.cz\/en\/wp-json\/wp\/v2\/media?parent=848"}],"wp:term":[{"taxonomy":"category","embeddable":true,"href":"https:\/\/ujc.microshop.cz\/en\/wp-json\/wp\/v2\/categories?post=848"},{"taxonomy":"post_tag","embeddable":true,"href":"https:\/\/ujc.microshop.cz\/en\/wp-json\/wp\/v2\/tags?post=848"}],"curies":[{"name":"wp","href":"https:\/\/api.w.org\/{rel}","templated":true}]}}