{"id":855,"date":"2023-06-24T05:06:00","date_gmt":"2023-06-24T05:06:00","guid":{"rendered":"http:\/\/ksj.localhost\/?page_id=786"},"modified":"2024-01-20T06:35:26","modified_gmt":"2024-01-20T06:35:26","slug":"kontakty-pro-media","status":"publish","type":"page","link":"https:\/\/ujc.microshop.cz\/en\/kontakty-pro-media\/","title":{"rendered":"Kontakty pro m\u00e9dia"},"content":{"rendered":"\n<p><\/p>\n\n\n\n<p><strong>PhDr. Mark\u00e9ta Pravdov\u00e1, Ph.D., MBA<br><\/strong>z\u00e1stupkyn\u011b \u0159editele pro vn\u011bj\u0161\u00ed vztahy a popularizaci<br>e-mail: pravdova at ujc.cas.cz<br>tel.: +420 225 391 426<\/p>\n\n\n\n<p><\/p>\n\n\n\n<p><strong>PhDr. Martin Pro\u0161ek, Ph.D.<br><\/strong>\u0159editel<br>e-mail: prosek at ujc.cas.cz<br>tel.: +420 257 533 756, +420 225 391 403<\/p>\n\n\n\n<p><\/p>\n","protected":false},"excerpt":{"rendered":"<p>PhDr. Mark\u00e9ta Pravdov\u00e1, Ph.D., MBAz\u00e1stupkyn\u011b \u0159editele pro vn\u011bj\u0161\u00ed vztahy a popularizacie-mail: pravdova at ujc.cas.cztel.: +420 225 391 426 PhDr. Martin Pro\u0161ek, Ph.D.\u0159editele-mail: prosek at ujc.cas.cztel.: +420 257 533 756, +420 225 391 403<\/p>\n","protected":false},"author":1,"featured_media":0,"parent":0,"menu_order":0,"comment_status":"closed","ping_status":"closed","template":"","meta":{"footnotes":""},"categories":[12],"tags":[],"class_list":["post-855","page","type-page","status-publish","hentry","category-o-ustavu"],"acf":[],"yoast_head":"<!-- This site is optimized with the Yoast SEO plugin v27.3 - https:\/\/yoast.com\/product\/yoast-seo-wordpress\/ -->\n<title>Kontakty pro m\u00e9dia - \u00dastav pro jazyk \u010desk\u00fd<\/title>\n<meta name=\"robots\" content=\"noindex, follow, max-snippet:-1, max-image-preview:large, max-video-preview:-1\" \/>\n<meta property=\"og:locale\" content=\"en_US\" \/>\n<meta property=\"og:type\" content=\"article\" \/>\n<meta property=\"og:title\" content=\"Kontakty pro m\u00e9dia - \u00dastav pro jazyk \u010desk\u00fd\" \/>\n<meta property=\"og:description\" content=\"PhDr. Mark\u00e9ta Pravdov\u00e1, Ph.D., MBAz\u00e1stupkyn\u011b \u0159editele pro vn\u011bj\u0161\u00ed vztahy a popularizacie-mail: pravdova at ujc.cas.cztel.: +420 225 391 426 PhDr. Martin Pro\u0161ek, Ph.D.\u0159editele-mail: prosek at ujc.cas.cztel.: +420 257 533 756, +420 225 391 403\" \/>\n<meta property=\"og:url\" content=\"https:\/\/ujc.microshop.czkontakty-pro-media\/\" \/>\n<meta property=\"og:site_name\" content=\"\u00dastav pro jazyk \u010desk\u00fd\" \/>\n<meta property=\"article:modified_time\" content=\"2024-01-20T06:35:26+00:00\" \/>\n<meta name=\"twitter:card\" content=\"summary_large_image\" \/>\n<meta name=\"twitter:label1\" content=\"Est. reading time\" \/>\n\t<meta name=\"twitter:data1\" content=\"1 minute\" \/>\n<script type=\"application\/ld+json\" class=\"yoast-schema-graph\">{\"@context\":\"https:\\\/\\\/schema.org\",\"@graph\":[{\"@type\":\"WebPage\",\"@id\":\"https:\\\/\\\/ujc.microshop.czkontakty-pro-media\\\/\",\"url\":\"https:\\\/\\\/ujc.microshop.czkontakty-pro-media\\\/\",\"name\":\"Kontakty pro m\u00e9dia - \u00dastav pro jazyk \u010desk\u00fd\",\"isPartOf\":{\"@id\":\"https:\\\/\\\/ujc.microshop.cz\\\/#website\"},\"datePublished\":\"2023-06-24T05:06:00+00:00\",\"dateModified\":\"2024-01-20T06:35:26+00:00\",\"breadcrumb\":{\"@id\":\"https:\\\/\\\/ujc.microshop.czkontakty-pro-media\\\/#breadcrumb\"},\"inLanguage\":\"en-US\",\"potentialAction\":[{\"@type\":\"ReadAction\",\"target\":[\"https:\\\/\\\/ujc.microshop.czkontakty-pro-media\\\/\"]}]},{\"@type\":\"BreadcrumbList\",\"@id\":\"https:\\\/\\\/ujc.microshop.czkontakty-pro-media\\\/#breadcrumb\",\"itemListElement\":[{\"@type\":\"ListItem\",\"position\":1,\"name\":\"Home\",\"item\":\"https:\\\/\\\/ujc.microshop.cz\\\/\"},{\"@type\":\"ListItem\",\"position\":2,\"name\":\"Kontakty pro m\u00e9dia\"}]},{\"@type\":\"WebSite\",\"@id\":\"https:\\\/\\\/ujc.microshop.cz\\\/#website\",\"url\":\"https:\\\/\\\/ujc.microshop.cz\\\/\",\"name\":\"\u00dastav pro jazyk \u010desk\u00fd\",\"description\":\"Akademie v\u011bd \u010cesk\u00e9 republiky\",\"publisher\":{\"@id\":\"https:\\\/\\\/ujc.microshop.cz\\\/#organization\"},\"potentialAction\":[{\"@type\":\"SearchAction\",\"target\":{\"@type\":\"EntryPoint\",\"urlTemplate\":\"https:\\\/\\\/ujc.microshop.cz\\\/?s={search_term_string}\"},\"query-input\":{\"@type\":\"PropertyValueSpecification\",\"valueRequired\":true,\"valueName\":\"search_term_string\"}}],\"inLanguage\":\"en-US\"},{\"@type\":\"Organization\",\"@id\":\"https:\\\/\\\/ujc.microshop.cz\\\/#organization\",\"name\":\"\u00dastav pro jazyk \u010desk\u00fd\",\"url\":\"https:\\\/\\\/ujc.microshop.cz\\\/\",\"logo\":{\"@type\":\"ImageObject\",\"inLanguage\":\"en-US\",\"@id\":\"https:\\\/\\\/ujc.microshop.cz\\\/#\\\/schema\\\/logo\\\/image\\\/\",\"url\":\"https:\\\/\\\/ujc.microshop.cz\\\/wp-content\\\/uploads\\\/2023\\\/07\\\/ksj-logo.svg\",\"contentUrl\":\"https:\\\/\\\/ujc.microshop.cz\\\/wp-content\\\/uploads\\\/2023\\\/07\\\/ksj-logo.svg\",\"width\":55,\"height\":63,\"caption\":\"\u00dastav pro jazyk \u010desk\u00fd\"},\"image\":{\"@id\":\"https:\\\/\\\/ujc.microshop.cz\\\/#\\\/schema\\\/logo\\\/image\\\/\"}}]}<\/script>\n<!-- \/ Yoast SEO plugin. -->","yoast_head_json":{"title":"Kontakty pro m\u00e9dia - \u00dastav pro jazyk \u010desk\u00fd","robots":{"index":"noindex","follow":"follow","max-snippet":"max-snippet:-1","max-image-preview":"max-image-preview:large","max-video-preview":"max-video-preview:-1"},"og_locale":"en_US","og_type":"article","og_title":"Kontakty pro m\u00e9dia - \u00dastav pro jazyk \u010desk\u00fd","og_description":"PhDr. Mark\u00e9ta Pravdov\u00e1, Ph.D., MBAz\u00e1stupkyn\u011b \u0159editele pro vn\u011bj\u0161\u00ed vztahy a popularizacie-mail: pravdova at ujc.cas.cztel.: +420 225 391 426 PhDr. Martin Pro\u0161ek, Ph.D.\u0159editele-mail: prosek at ujc.cas.cztel.: +420 257 533 756, +420 225 391 403","og_url":"https:\/\/ujc.microshop.czkontakty-pro-media\/","og_site_name":"\u00dastav pro jazyk \u010desk\u00fd","article_modified_time":"2024-01-20T06:35:26+00:00","twitter_card":"summary_large_image","twitter_misc":{"Est. reading time":"1 minute"},"schema":{"@context":"https:\/\/schema.org","@graph":[{"@type":"WebPage","@id":"https:\/\/ujc.microshop.czkontakty-pro-media\/","url":"https:\/\/ujc.microshop.czkontakty-pro-media\/","name":"Kontakty pro m\u00e9dia - \u00dastav pro jazyk \u010desk\u00fd","isPartOf":{"@id":"https:\/\/ujc.microshop.cz\/#website"},"datePublished":"2023-06-24T05:06:00+00:00","dateModified":"2024-01-20T06:35:26+00:00","breadcrumb":{"@id":"https:\/\/ujc.microshop.czkontakty-pro-media\/#breadcrumb"},"inLanguage":"en-US","potentialAction":[{"@type":"ReadAction","target":["https:\/\/ujc.microshop.czkontakty-pro-media\/"]}]},{"@type":"BreadcrumbList","@id":"https:\/\/ujc.microshop.czkontakty-pro-media\/#breadcrumb","itemListElement":[{"@type":"ListItem","position":1,"name":"Home","item":"https:\/\/ujc.microshop.cz\/"},{"@type":"ListItem","position":2,"name":"Kontakty pro m\u00e9dia"}]},{"@type":"WebSite","@id":"https:\/\/ujc.microshop.cz\/#website","url":"https:\/\/ujc.microshop.cz\/","name":"\u00dastav pro jazyk \u010desk\u00fd","description":"Akademie v\u011bd \u010cesk\u00e9 republiky","publisher":{"@id":"https:\/\/ujc.microshop.cz\/#organization"},"potentialAction":[{"@type":"SearchAction","target":{"@type":"EntryPoint","urlTemplate":"https:\/\/ujc.microshop.cz\/?s={search_term_string}"},"query-input":{"@type":"PropertyValueSpecification","valueRequired":true,"valueName":"search_term_string"}}],"inLanguage":"en-US"},{"@type":"Organization","@id":"https:\/\/ujc.microshop.cz\/#organization","name":"\u00dastav pro jazyk \u010desk\u00fd","url":"https:\/\/ujc.microshop.cz\/","logo":{"@type":"ImageObject","inLanguage":"en-US","@id":"https:\/\/ujc.microshop.cz\/#\/schema\/logo\/image\/","url":"https:\/\/ujc.microshop.cz\/wp-content\/uploads\/2023\/07\/ksj-logo.svg","contentUrl":"https:\/\/ujc.microshop.cz\/wp-content\/uploads\/2023\/07\/ksj-logo.svg","width":55,"height":63,"caption":"\u00dastav pro jazyk \u010desk\u00fd"},"image":{"@id":"https:\/\/ujc.microshop.cz\/#\/schema\/logo\/image\/"}}]}},"_links":{"self":[{"href":"https:\/\/ujc.microshop.cz\/en\/wp-json\/wp\/v2\/pages\/855","targetHints":{"allow":["GET"]}}],"collection":[{"href":"https:\/\/ujc.microshop.cz\/en\/wp-json\/wp\/v2\/pages"}],"about":[{"href":"https:\/\/ujc.microshop.cz\/en\/wp-json\/wp\/v2\/types\/page"}],"author":[{"embeddable":true,"href":"https:\/\/ujc.microshop.cz\/en\/wp-json\/wp\/v2\/users\/1"}],"replies":[{"embeddable":true,"href":"https:\/\/ujc.microshop.cz\/en\/wp-json\/wp\/v2\/comments?post=855"}],"version-history":[{"count":2,"href":"https:\/\/ujc.microshop.cz\/en\/wp-json\/wp\/v2\/pages\/855\/revisions"}],"predecessor-version":[{"id":7681,"href":"https:\/\/ujc.microshop.cz\/en\/wp-json\/wp\/v2\/pages\/855\/revisions\/7681"}],"wp:attachment":[{"href":"https:\/\/ujc.microshop.cz\/en\/wp-json\/wp\/v2\/media?parent=855"}],"wp:term":[{"taxonomy":"category","embeddable":true,"href":"https:\/\/ujc.microshop.cz\/en\/wp-json\/wp\/v2\/categories?post=855"},{"taxonomy":"post_tag","embeddable":true,"href":"https:\/\/ujc.microshop.cz\/en\/wp-json\/wp\/v2\/tags?post=855"}],"curies":[{"name":"wp","href":"https:\/\/api.w.org\/{rel}","templated":true}]}}